{"id":29,"date":"2014-02-07T16:23:03","date_gmt":"2014-02-07T14:23:03","guid":{"rendered":"http:\/\/amves.ee\/uus\/?page_id=29"},"modified":"2015-03-02T15:57:40","modified_gmt":"2015-03-02T13:57:40","slug":"koostoopartnerid","status":"publish","type":"page","link":"http:\/\/amves.ee\/uus\/koostoopartnerid\/","title":{"rendered":"koost\u00f6\u00f6partnerid"},"content":{"rendered":"<p>Rimeedia O\u00dc<br \/>\nMivo Ehitus O\u00dc<br \/>\nExpolio O\u00dc<br \/>\nVesiroos O\u00dc<br \/>\nN&#038;N Invest Grupp O\u00dc<br \/>\nVBH Estonia AS<br \/>\nMarvex Production O\u00dc<\/p>\n","protected":false},"excerpt":{"rendered":"<p>Rimeedia O\u00dc Mivo Ehitus O\u00dc Expolio O\u00dc Vesiroos O\u00dc N&#038;N Invest Grupp O\u00dc VBH Estonia AS Marvex Production O\u00dc<\/p>\n","protected":false},"author":3,"featured_media":0,"parent":0,"menu_order":0,"comment_status":"open","ping_status":"open","template":"","meta":{"footnotes":""},"_links":{"self":[{"href":"http:\/\/amves.ee\/uus\/wp-json\/wp\/v2\/pages\/29"}],"collection":[{"href":"http:\/\/amves.ee\/uus\/wp-json\/wp\/v2\/pages"}],"about":[{"href":"http:\/\/amves.ee\/uus\/wp-json\/wp\/v2\/types\/page"}],"author":[{"embeddable":true,"href":"http:\/\/amves.ee\/uus\/wp-json\/wp\/v2\/users\/3"}],"replies":[{"embeddable":true,"href":"http:\/\/amves.ee\/uus\/wp-json\/wp\/v2\/comments?post=29"}],"version-history":[{"count":6,"href":"http:\/\/amves.ee\/uus\/wp-json\/wp\/v2\/pages\/29\/revisions"}],"predecessor-version":[{"id":76,"href":"http:\/\/amves.ee\/uus\/wp-json\/wp\/v2\/pages\/29\/revisions\/76"}],"wp:attachment":[{"href":"http:\/\/amves.ee\/uus\/wp-json\/wp\/v2\/media?parent=29"}],"curies":[{"name":"wp","href":"https:\/\/api.w.org\/{rel}","templated":true}]}}